{"id":240,"date":"2022-10-04T15:37:10","date_gmt":"2022-10-04T15:37:10","guid":{"rendered":"https:\/\/bachmannpascal.ch\/?page_id=240"},"modified":"2023-06-24T15:27:03","modified_gmt":"2023-06-24T15:27:03","slug":"sponsoring","status":"publish","type":"page","link":"https:\/\/bachmannpascal.ch\/?page_id=240","title":{"rendered":"Sponsoring"},"content":{"rendered":"<div class=\"wp-block-image\">\n<figure class=\"aligncenter size-full is-resized\"><img loading=\"lazy\" decoding=\"async\" src=\"https:\/\/bachmannpascal.ch\/wp-content\/uploads\/2022\/10\/Icon_Sponsoring_blue-1.png\" alt=\"\" class=\"wp-image-427\" width=\"115\" height=\"115\" srcset=\"https:\/\/bachmannpascal.ch\/wp-content\/uploads\/2022\/10\/Icon_Sponsoring_blue-1.png 251w, https:\/\/bachmannpascal.ch\/wp-content\/uploads\/2022\/10\/Icon_Sponsoring_blue-1-150x150.png 150w\" sizes=\"auto, (max-width: 115px) 100vw, 115px\" \/><\/figure>\n<\/div>\n\n\n<figure class=\"wp-block-gallery has-nested-images columns-default is-cropped wp-block-gallery-1 is-layout-flex wp-block-gallery-is-layout-flex\">\n<figure class=\"wp-block-image size-large\"><img loading=\"lazy\" decoding=\"async\" width=\"1024\" height=\"904\" data-id=\"555\" src=\"https:\/\/bachmannpascal.ch\/wp-content\/uploads\/2023\/06\/sponsoren-vorne_klein-1-1024x904.jpg\" alt=\"\" class=\"wp-image-555\" srcset=\"https:\/\/bachmannpascal.ch\/wp-content\/uploads\/2023\/06\/sponsoren-vorne_klein-1-1024x904.jpg 1024w, https:\/\/bachmannpascal.ch\/wp-content\/uploads\/2023\/06\/sponsoren-vorne_klein-1-300x265.jpg 300w, https:\/\/bachmannpascal.ch\/wp-content\/uploads\/2023\/06\/sponsoren-vorne_klein-1-768x678.jpg 768w, https:\/\/bachmannpascal.ch\/wp-content\/uploads\/2023\/06\/sponsoren-vorne_klein-1.jpg 1061w\" sizes=\"auto, (max-width: 1024px) 100vw, 1024px\" \/><\/figure>\n<\/figure>\n\n\n\n<p>Hier finden Sie alle n\u00f6tigen Infos f\u00fcr eine fokussierte &amp; zielstrebende Zusammenarbeit:<br><br>Pr\u00e4zision, Fokus, Zielstrebigkeit und Flexibilit\u00e4t sind Werte, die ich als langj\u00e4hriger Sch\u00fctze und Mitglied des Elite Kaders von Swiss Shooting verk\u00f6rpere und die Sie als Sponsor in Ihrer Unternehmens- oder Produktekommunikation einsetzen k\u00f6nnen. Ein pers\u00f6nliches Sponsoring sichert Ihnen also nicht nur eine prominente Logo-Platzierung &#8211; Sie und Ihr Unternehmen profitieren auch von einem nachhaltigen und positiven Imagetransfer und spannende Zusatzleistungen. Dabei sind mir aber vor allem auch Ihre individuellen Sponsoringziele wichtig. Lassen Sie uns also \u00fcber Ihr Sponsoring-Engagement sprechen.<br><br>Melden Sie sich per Mail bei mir: kontakt@bachmannpascal.ch <\/p>\n\n\n\n<p>IBAN ZKB: CH19 0070 0110 0062 6404 4, Bachmann Pascal<br><\/p>\n\n\n\n<p>UPDATE: Die brandneue Sponsoringmappe hier! Danke f\u00fcr Ihre Geduld<\/p>\n\n\n\n<div data-wp-interactive=\"core\/file\" class=\"wp-block-file\"><object data-wp-bind--hidden=\"!state.hasPdfPreview\" hidden class=\"wp-block-file__embed\" data=\"https:\/\/bachmannpascal.ch\/wp-content\/uploads\/2022\/11\/PBachmann_Sponsoring_A4.pdf\" type=\"application\/pdf\" style=\"width:100%;height:600px\" aria-label=\"Einbettung von PBachmann_Sponsoring_A4.\"><\/object><a id=\"wp-block-file--media-a3db9df7-765b-49fc-8b14-5aa5c3abf08f\" href=\"https:\/\/bachmannpascal.ch\/wp-content\/uploads\/2022\/11\/PBachmann_Sponsoring_A4.pdf\">PBachmann_Sponsoring_A4<\/a><a href=\"https:\/\/bachmannpascal.ch\/wp-content\/uploads\/2022\/11\/PBachmann_Sponsoring_A4.pdf\" class=\"wp-block-file__button wp-element-button\" download aria-describedby=\"wp-block-file--media-a3db9df7-765b-49fc-8b14-5aa5c3abf08f\">Herunterladen<\/a><\/div>\n","protected":false},"excerpt":{"rendered":"<p>Hier finden Sie alle n\u00f6tigen Infos f\u00fcr eine fokussierte &amp; zielstrebende Zusammenarbeit: Pr\u00e4zision, Fokus, Zielstrebigkeit und Flexibilit\u00e4t sind Werte, die ich als langj\u00e4hriger Sch\u00fctze und Mitglied des Elite Kaders von Swiss Shooting verk\u00f6rpere und die Sie als Sponsor in Ihrer Unternehmens- oder Produktekommunikation einsetzen k\u00f6nnen. Ein pers\u00f6nliches Sponsoring sichert Ihnen also nicht nur eine prominente&hellip; <br \/> <a class=\"read-more\" href=\"https:\/\/bachmannpascal.ch\/?page_id=240\">Weiterlesen<\/a><\/p>\n","protected":false},"author":1,"featured_media":0,"parent":0,"menu_order":0,"comment_status":"closed","ping_status":"closed","template":"","meta":{"footnotes":""},"class_list":["post-240","page","type-page","status-publish","hentry"],"jetpack_sharing_enabled":true,"_links":{"self":[{"href":"https:\/\/bachmannpascal.ch\/index.php?rest_route=\/wp\/v2\/pages\/240","targetHints":{"allow":["GET"]}}],"collection":[{"href":"https:\/\/bachmannpascal.ch\/index.php?rest_route=\/wp\/v2\/pages"}],"about":[{"href":"https:\/\/bachmannpascal.ch\/index.php?rest_route=\/wp\/v2\/types\/page"}],"author":[{"embeddable":true,"href":"https:\/\/bachmannpascal.ch\/index.php?rest_route=\/wp\/v2\/users\/1"}],"replies":[{"embeddable":true,"href":"https:\/\/bachmannpascal.ch\/index.php?rest_route=%2Fwp%2Fv2%2Fcomments&post=240"}],"version-history":[{"count":10,"href":"https:\/\/bachmannpascal.ch\/index.php?rest_route=\/wp\/v2\/pages\/240\/revisions"}],"predecessor-version":[{"id":557,"href":"https:\/\/bachmannpascal.ch\/index.php?rest_route=\/wp\/v2\/pages\/240\/revisions\/557"}],"wp:attachment":[{"href":"https:\/\/bachmannpascal.ch\/index.php?rest_route=%2Fwp%2Fv2%2Fmedia&parent=240"}],"curies":[{"name":"wp","href":"https:\/\/api.w.org\/{rel}","templated":true}]}}