{"id":132,"date":"2022-09-20T08:21:13","date_gmt":"2022-09-20T08:21:13","guid":{"rendered":"https:\/\/bachmannpascal.ch\/?page_id=132"},"modified":"2025-08-04T21:04:39","modified_gmt":"2025-08-04T21:04:39","slug":"bestleistungen","status":"publish","type":"page","link":"https:\/\/bachmannpascal.ch\/?page_id=132","title":{"rendered":"Bestleistungen"},"content":{"rendered":"<div class=\"wp-block-image\">\n<figure class=\"aligncenter size-large is-resized\"><img loading=\"lazy\" decoding=\"async\" width=\"1024\" height=\"683\" src=\"https:\/\/bachmannpascal.ch\/wp-content\/uploads\/2022\/10\/Pascale_Bachmann_Sportschuetze_Eggenberger_Fotografie_Bilder_Web-40-1024x683.jpg\" alt=\"\" class=\"wp-image-357\" style=\"width:394px;height:263px\" srcset=\"https:\/\/bachmannpascal.ch\/wp-content\/uploads\/2022\/10\/Pascale_Bachmann_Sportschuetze_Eggenberger_Fotografie_Bilder_Web-40-1024x683.jpg 1024w, https:\/\/bachmannpascal.ch\/wp-content\/uploads\/2022\/10\/Pascale_Bachmann_Sportschuetze_Eggenberger_Fotografie_Bilder_Web-40-300x200.jpg 300w, https:\/\/bachmannpascal.ch\/wp-content\/uploads\/2022\/10\/Pascale_Bachmann_Sportschuetze_Eggenberger_Fotografie_Bilder_Web-40-768x512.jpg 768w, https:\/\/bachmannpascal.ch\/wp-content\/uploads\/2022\/10\/Pascale_Bachmann_Sportschuetze_Eggenberger_Fotografie_Bilder_Web-40-1536x1024.jpg 1536w, https:\/\/bachmannpascal.ch\/wp-content\/uploads\/2022\/10\/Pascale_Bachmann_Sportschuetze_Eggenberger_Fotografie_Bilder_Web-40-1620x1080.jpg 1620w, https:\/\/bachmannpascal.ch\/wp-content\/uploads\/2022\/10\/Pascale_Bachmann_Sportschuetze_Eggenberger_Fotografie_Bilder_Web-40.jpg 2048w\" sizes=\"auto, (max-width: 1024px) 100vw, 1024px\" \/><\/figure>\n<\/div>\n\n\n<p><strong>300m Gewehr<\/strong><\/p>\n\n\n\n<p>Liegendmatch 598 Punkte (Europa Cup D\u00e4nemark, 2022)<br>3&#215;20 Freigewehr 592 Punkte (EM Ch\u00e2teauroux, FRA 2025)<br>3&#215;20 Standard 594 Punkte (Europa Cup, D\u00e4nemark, 2023) NEUER CH-Rekord!!<br>3&#215;40 Freigewehr 1174 Punkte (Europa Cup D\u00e4nemark, 2021)<\/p>\n\n\n\n<p><strong>50m<\/strong><\/p>\n\n\n\n<p>Liegenmatch         626.0 Punkte    (Grand Prix Pilsen, 2019)<br>3&#215;40                      1178 Punkte     (Shootingmaster Schwandenau, 2020)<br>3&#215;20                      582 Punkte       (Schweizermeisterschaft, 2022)<\/p>\n\n\n\n<p><strong>10m<\/strong><\/p>\n\n\n\n<p>60 Stehend           623.0 Punkte     (Schweizermeisterschaft Indoor, 2024)<br><\/p>\n","protected":false},"excerpt":{"rendered":"<p>300m Gewehr Liegendmatch 598 Punkte (Europa Cup D\u00e4nemark, 2022)3&#215;20 Freigewehr 592 Punkte (EM Ch\u00e2teauroux, FRA 2025)3&#215;20 Standard 594 Punkte (Europa Cup, D\u00e4nemark, 2023) NEUER CH-Rekord!!3&#215;40 Freigewehr 1174 Punkte (Europa Cup D\u00e4nemark, 2021) 50m Liegenmatch 626.0 Punkte (Grand Prix Pilsen, 2019)3&#215;40 1178 Punkte (Shootingmaster Schwandenau, 2020)3&#215;20 582 Punkte (Schweizermeisterschaft, 2022) 10m 60 Stehend 623.0 Punkte (Schweizermeisterschaft&hellip; <br \/> <a class=\"read-more\" href=\"https:\/\/bachmannpascal.ch\/?page_id=132\">Weiterlesen<\/a><\/p>\n","protected":false},"author":1,"featured_media":0,"parent":0,"menu_order":0,"comment_status":"closed","ping_status":"closed","template":"","meta":{"footnotes":""},"class_list":["post-132","page","type-page","status-publish","hentry"],"jetpack_sharing_enabled":true,"_links":{"self":[{"href":"https:\/\/bachmannpascal.ch\/index.php?rest_route=\/wp\/v2\/pages\/132","targetHints":{"allow":["GET"]}}],"collection":[{"href":"https:\/\/bachmannpascal.ch\/index.php?rest_route=\/wp\/v2\/pages"}],"about":[{"href":"https:\/\/bachmannpascal.ch\/index.php?rest_route=\/wp\/v2\/types\/page"}],"author":[{"embeddable":true,"href":"https:\/\/bachmannpascal.ch\/index.php?rest_route=\/wp\/v2\/users\/1"}],"replies":[{"embeddable":true,"href":"https:\/\/bachmannpascal.ch\/index.php?rest_route=%2Fwp%2Fv2%2Fcomments&post=132"}],"version-history":[{"count":10,"href":"https:\/\/bachmannpascal.ch\/index.php?rest_route=\/wp\/v2\/pages\/132\/revisions"}],"predecessor-version":[{"id":811,"href":"https:\/\/bachmannpascal.ch\/index.php?rest_route=\/wp\/v2\/pages\/132\/revisions\/811"}],"wp:attachment":[{"href":"https:\/\/bachmannpascal.ch\/index.php?rest_route=%2Fwp%2Fv2%2Fmedia&parent=132"}],"curies":[{"name":"wp","href":"https:\/\/api.w.org\/{rel}","templated":true}]}}